{"id":323,"date":"2021-06-27T09:35:46","date_gmt":"2021-06-27T09:35:46","guid":{"rendered":"https:\/\/20summit.no\/?page_id=323"},"modified":"2025-01-28T13:04:27","modified_gmt":"2025-01-28T13:04:27","slug":"klaptinden","status":"publish","type":"page","link":"https:\/\/20summit.no\/?page_id=323","title":{"rendered":"Kl\u00e5ptinden 998 moh"},"content":{"rendered":"\n<p>Hvordan kommer du til Kl\u00e5ptinden?<\/p>\n\n\n\n<p><a rel=\"noreferrer noopener\" href=\"https:\/\/www.strava.com\/routes\/2844151439621282086\" target=\"_blank\">GPS route<\/a><\/p>\n\n\n\n<p><a href=\"https:\/\/www.telltur.no\/turmaal\/myghxi9g\/10373\" target=\"_blank\" rel=\"noreferrer noopener\">Kl\u00e5ptinden er ogs\u00e5 et Telltur m\u00e5l<\/a><\/p>\n\n\n\n<figure class=\"wp-block-image size-large\"><img loading=\"lazy\" decoding=\"async\" width=\"783\" height=\"452\" src=\"https:\/\/20summit.no\/wp-content\/uploads\/2021\/06\/oversikt_klaaptinden.png\" alt=\"\" class=\"wp-image-324\" srcset=\"https:\/\/20summit.no\/wp-content\/uploads\/2021\/06\/oversikt_klaaptinden.png 783w, https:\/\/20summit.no\/wp-content\/uploads\/2021\/06\/oversikt_klaaptinden-300x173.png 300w, https:\/\/20summit.no\/wp-content\/uploads\/2021\/06\/oversikt_klaaptinden-768x443.png 768w\" sizes=\"auto, (max-width: 783px) 100vw, 783px\" \/><\/figure>\n\n\n\n<figure class=\"wp-block-gallery has-nested-images columns-default is-cropped wp-block-gallery-1 is-layout-flex wp-block-gallery-is-layout-flex\">\n<figure class=\"wp-block-image size-large\"><img loading=\"lazy\" decoding=\"async\" width=\"1024\" height=\"768\" data-id=\"325\" src=\"https:\/\/20summit.no\/wp-content\/uploads\/2021\/06\/arbostadtinden1-1024x768.jpg\" alt=\"\" class=\"wp-image-325\" srcset=\"https:\/\/20summit.no\/wp-content\/uploads\/2021\/06\/arbostadtinden1-1024x768.jpg 1024w, https:\/\/20summit.no\/wp-content\/uploads\/2021\/06\/arbostadtinden1-300x225.jpg 300w, https:\/\/20summit.no\/wp-content\/uploads\/2021\/06\/arbostadtinden1-768x576.jpg 768w, https:\/\/20summit.no\/wp-content\/uploads\/2021\/06\/arbostadtinden1-850x637.jpg 850w, https:\/\/20summit.no\/wp-content\/uploads\/2021\/06\/arbostadtinden1.jpg 1351w\" sizes=\"auto, (max-width: 1024px) 100vw, 1024px\" \/><\/figure>\n\n\n\n<figure class=\"wp-block-image size-large\"><img loading=\"lazy\" decoding=\"async\" width=\"1024\" height=\"768\" data-id=\"326\" src=\"https:\/\/20summit.no\/wp-content\/uploads\/2021\/06\/klaaptinden6-1024x768.jpg\" alt=\"\" class=\"wp-image-326\" srcset=\"https:\/\/20summit.no\/wp-content\/uploads\/2021\/06\/klaaptinden6-1024x768.jpg 1024w, https:\/\/20summit.no\/wp-content\/uploads\/2021\/06\/klaaptinden6-300x225.jpg 300w, https:\/\/20summit.no\/wp-content\/uploads\/2021\/06\/klaaptinden6-768x576.jpg 768w, https:\/\/20summit.no\/wp-content\/uploads\/2021\/06\/klaaptinden6-850x637.jpg 850w, https:\/\/20summit.no\/wp-content\/uploads\/2021\/06\/klaaptinden6.jpg 1351w\" sizes=\"auto, (max-width: 1024px) 100vw, 1024px\" \/><\/figure>\n\n\n\n<figure class=\"wp-block-image size-large\"><img loading=\"lazy\" decoding=\"async\" width=\"983\" height=\"983\" data-id=\"327\" src=\"https:\/\/20summit.no\/wp-content\/uploads\/2021\/06\/midnattsol.jpg\" alt=\"\" class=\"wp-image-327\" srcset=\"https:\/\/20summit.no\/wp-content\/uploads\/2021\/06\/midnattsol.jpg 983w, https:\/\/20summit.no\/wp-content\/uploads\/2021\/06\/midnattsol-300x300.jpg 300w, https:\/\/20summit.no\/wp-content\/uploads\/2021\/06\/midnattsol-150x150.jpg 150w, https:\/\/20summit.no\/wp-content\/uploads\/2021\/06\/midnattsol-768x768.jpg 768w, https:\/\/20summit.no\/wp-content\/uploads\/2021\/06\/midnattsol-850x850.jpg 850w\" sizes=\"auto, (max-width: 983px) 100vw, 983px\" \/><\/figure>\n\n\n\n<figure class=\"wp-block-image size-large\"><img loading=\"lazy\" decoding=\"async\" width=\"1024\" height=\"461\" data-id=\"328\" src=\"https:\/\/20summit.no\/wp-content\/uploads\/2021\/06\/20210626_163738-1024x461.jpg\" alt=\"\" class=\"wp-image-328\" srcset=\"https:\/\/20summit.no\/wp-content\/uploads\/2021\/06\/20210626_163738-1024x461.jpg 1024w, https:\/\/20summit.no\/wp-content\/uploads\/2021\/06\/20210626_163738-300x135.jpg 300w, https:\/\/20summit.no\/wp-content\/uploads\/2021\/06\/20210626_163738-768x346.jpg 768w, https:\/\/20summit.no\/wp-content\/uploads\/2021\/06\/20210626_163738-1536x692.jpg 1536w, https:\/\/20summit.no\/wp-content\/uploads\/2021\/06\/20210626_163738-2048x922.jpg 2048w, https:\/\/20summit.no\/wp-content\/uploads\/2021\/06\/20210626_163738-850x383.jpg 850w\" sizes=\"auto, (max-width: 1024px) 100vw, 1024px\" \/><\/figure>\n\n\n\n<figure class=\"wp-block-image size-large\"><img loading=\"lazy\" decoding=\"async\" width=\"1024\" height=\"461\" data-id=\"329\" src=\"https:\/\/20summit.no\/wp-content\/uploads\/2021\/06\/20210626_163747-1024x461.jpg\" alt=\"\" class=\"wp-image-329\" srcset=\"https:\/\/20summit.no\/wp-content\/uploads\/2021\/06\/20210626_163747-1024x461.jpg 1024w, https:\/\/20summit.no\/wp-content\/uploads\/2021\/06\/20210626_163747-300x135.jpg 300w, https:\/\/20summit.no\/wp-content\/uploads\/2021\/06\/20210626_163747-768x346.jpg 768w, https:\/\/20summit.no\/wp-content\/uploads\/2021\/06\/20210626_163747-1536x692.jpg 1536w, https:\/\/20summit.no\/wp-content\/uploads\/2021\/06\/20210626_163747-2048x922.jpg 2048w, https:\/\/20summit.no\/wp-content\/uploads\/2021\/06\/20210626_163747-850x383.jpg 850w\" sizes=\"auto, (max-width: 1024px) 100vw, 1024px\" \/><\/figure>\n\n\n\n<figure class=\"wp-block-image size-large\"><img loading=\"lazy\" decoding=\"async\" width=\"1024\" height=\"461\" data-id=\"330\" src=\"https:\/\/20summit.no\/wp-content\/uploads\/2021\/06\/20210626_163755-1024x461.jpg\" alt=\"\" class=\"wp-image-330\" srcset=\"https:\/\/20summit.no\/wp-content\/uploads\/2021\/06\/20210626_163755-1024x461.jpg 1024w, https:\/\/20summit.no\/wp-content\/uploads\/2021\/06\/20210626_163755-300x135.jpg 300w, https:\/\/20summit.no\/wp-content\/uploads\/2021\/06\/20210626_163755-768x346.jpg 768w, https:\/\/20summit.no\/wp-content\/uploads\/2021\/06\/20210626_163755-1536x692.jpg 1536w, https:\/\/20summit.no\/wp-content\/uploads\/2021\/06\/20210626_163755-2048x922.jpg 2048w, https:\/\/20summit.no\/wp-content\/uploads\/2021\/06\/20210626_163755-850x383.jpg 850w\" sizes=\"auto, (max-width: 1024px) 100vw, 1024px\" \/><\/figure>\n\n\n\n<figure class=\"wp-block-image size-large\"><img loading=\"lazy\" decoding=\"async\" width=\"1024\" height=\"461\" data-id=\"331\" src=\"https:\/\/20summit.no\/wp-content\/uploads\/2021\/06\/20210626_163759-1024x461.jpg\" alt=\"\" class=\"wp-image-331\" srcset=\"https:\/\/20summit.no\/wp-content\/uploads\/2021\/06\/20210626_163759-1024x461.jpg 1024w, https:\/\/20summit.no\/wp-content\/uploads\/2021\/06\/20210626_163759-300x135.jpg 300w, https:\/\/20summit.no\/wp-content\/uploads\/2021\/06\/20210626_163759-768x346.jpg 768w, https:\/\/20summit.no\/wp-content\/uploads\/2021\/06\/20210626_163759-1536x692.jpg 1536w, https:\/\/20summit.no\/wp-content\/uploads\/2021\/06\/20210626_163759-2048x922.jpg 2048w, https:\/\/20summit.no\/wp-content\/uploads\/2021\/06\/20210626_163759-850x383.jpg 850w\" sizes=\"auto, (max-width: 1024px) 100vw, 1024px\" \/><\/figure>\n\n\n\n<figure class=\"wp-block-image size-large\"><img loading=\"lazy\" decoding=\"async\" width=\"1024\" height=\"461\" data-id=\"332\" src=\"https:\/\/20summit.no\/wp-content\/uploads\/2021\/06\/20210418_194757-1024x461.jpg\" alt=\"\" class=\"wp-image-332\" srcset=\"https:\/\/20summit.no\/wp-content\/uploads\/2021\/06\/20210418_194757-1024x461.jpg 1024w, https:\/\/20summit.no\/wp-content\/uploads\/2021\/06\/20210418_194757-300x135.jpg 300w, https:\/\/20summit.no\/wp-content\/uploads\/2021\/06\/20210418_194757-768x346.jpg 768w, https:\/\/20summit.no\/wp-content\/uploads\/2021\/06\/20210418_194757-1536x691.jpg 1536w, https:\/\/20summit.no\/wp-content\/uploads\/2021\/06\/20210418_194757-2048x922.jpg 2048w, https:\/\/20summit.no\/wp-content\/uploads\/2021\/06\/20210418_194757-850x383.jpg 850w\" sizes=\"auto, (max-width: 1024px) 100vw, 1024px\" \/><\/figure>\n\n\n\n<figure class=\"wp-block-image size-large\"><img loading=\"lazy\" decoding=\"async\" width=\"1024\" height=\"461\" data-id=\"333\" src=\"https:\/\/20summit.no\/wp-content\/uploads\/2021\/06\/20210418_194942-1024x461.jpg\" alt=\"\" class=\"wp-image-333\" srcset=\"https:\/\/20summit.no\/wp-content\/uploads\/2021\/06\/20210418_194942-1024x461.jpg 1024w, https:\/\/20summit.no\/wp-content\/uploads\/2021\/06\/20210418_194942-300x135.jpg 300w, https:\/\/20summit.no\/wp-content\/uploads\/2021\/06\/20210418_194942-768x346.jpg 768w, https:\/\/20summit.no\/wp-content\/uploads\/2021\/06\/20210418_194942-1536x691.jpg 1536w, https:\/\/20summit.no\/wp-content\/uploads\/2021\/06\/20210418_194942-2048x922.jpg 2048w, https:\/\/20summit.no\/wp-content\/uploads\/2021\/06\/20210418_194942-850x383.jpg 850w\" sizes=\"auto, (max-width: 1024px) 100vw, 1024px\" \/><\/figure>\n\n\n\n<figure class=\"wp-block-image size-large\"><img loading=\"lazy\" decoding=\"async\" width=\"1024\" height=\"461\" data-id=\"334\" src=\"https:\/\/20summit.no\/wp-content\/uploads\/2021\/06\/20210418_201847-1024x461.jpg\" alt=\"\" class=\"wp-image-334\" srcset=\"https:\/\/20summit.no\/wp-content\/uploads\/2021\/06\/20210418_201847-1024x461.jpg 1024w, https:\/\/20summit.no\/wp-content\/uploads\/2021\/06\/20210418_201847-300x135.jpg 300w, https:\/\/20summit.no\/wp-content\/uploads\/2021\/06\/20210418_201847-768x346.jpg 768w, https:\/\/20summit.no\/wp-content\/uploads\/2021\/06\/20210418_201847-1536x691.jpg 1536w, https:\/\/20summit.no\/wp-content\/uploads\/2021\/06\/20210418_201847-2048x922.jpg 2048w, https:\/\/20summit.no\/wp-content\/uploads\/2021\/06\/20210418_201847-850x383.jpg 850w\" sizes=\"auto, (max-width: 1024px) 100vw, 1024px\" \/><\/figure>\n\n\n\n<figure class=\"wp-block-image size-large\"><img loading=\"lazy\" decoding=\"async\" width=\"1024\" height=\"461\" data-id=\"340\" src=\"https:\/\/20summit.no\/wp-content\/uploads\/2021\/06\/20210418_202015-1-1024x461.jpg\" alt=\"\" class=\"wp-image-340\" srcset=\"https:\/\/20summit.no\/wp-content\/uploads\/2021\/06\/20210418_202015-1-1024x461.jpg 1024w, https:\/\/20summit.no\/wp-content\/uploads\/2021\/06\/20210418_202015-1-300x135.jpg 300w, https:\/\/20summit.no\/wp-content\/uploads\/2021\/06\/20210418_202015-1-768x346.jpg 768w, https:\/\/20summit.no\/wp-content\/uploads\/2021\/06\/20210418_202015-1-1536x692.jpg 1536w, https:\/\/20summit.no\/wp-content\/uploads\/2021\/06\/20210418_202015-1-2048x922.jpg 2048w, https:\/\/20summit.no\/wp-content\/uploads\/2021\/06\/20210418_202015-1-850x383.jpg 850w\" sizes=\"auto, (max-width: 1024px) 100vw, 1024px\" \/><\/figure>\n<\/figure>\n","protected":false},"excerpt":{"rendered":"<p>Hvordan kommer du til Kl\u00e5ptinden? GPS route Kl\u00e5ptinden er ogs\u00e5 et Telltur m\u00e5l<\/p>\n","protected":false},"author":1,"featured_media":0,"parent":0,"menu_order":0,"comment_status":"closed","ping_status":"closed","template":"","meta":{"footnotes":""},"class_list":["post-323","page","type-page","status-publish","hentry"],"_links":{"self":[{"href":"https:\/\/20summit.no\/index.php?rest_route=\/wp\/v2\/pages\/323","targetHints":{"allow":["GET"]}}],"collection":[{"href":"https:\/\/20summit.no\/index.php?rest_route=\/wp\/v2\/pages"}],"about":[{"href":"https:\/\/20summit.no\/index.php?rest_route=\/wp\/v2\/types\/page"}],"author":[{"embeddable":true,"href":"https:\/\/20summit.no\/index.php?rest_route=\/wp\/v2\/users\/1"}],"replies":[{"embeddable":true,"href":"https:\/\/20summit.no\/index.php?rest_route=%2Fwp%2Fv2%2Fcomments&post=323"}],"version-history":[{"count":5,"href":"https:\/\/20summit.no\/index.php?rest_route=\/wp\/v2\/pages\/323\/revisions"}],"predecessor-version":[{"id":695,"href":"https:\/\/20summit.no\/index.php?rest_route=\/wp\/v2\/pages\/323\/revisions\/695"}],"wp:attachment":[{"href":"https:\/\/20summit.no\/index.php?rest_route=%2Fwp%2Fv2%2Fmedia&parent=323"}],"curies":[{"name":"wp","href":"https:\/\/api.w.org\/{rel}","templated":true}]}}