{"id":304,"date":"2021-06-27T08:25:30","date_gmt":"2021-06-27T08:25:30","guid":{"rendered":"https:\/\/20summit.no\/?page_id=304"},"modified":"2025-01-28T13:07:24","modified_gmt":"2025-01-28T13:07:24","slug":"turmal-i-ibestad","status":"publish","type":"page","link":"https:\/\/20summit.no\/?page_id=304","title":{"rendered":"Turm\u00e5l i Ibestad"},"content":{"rendered":"\n<p>Ibestad kommune er rik p\u00e5 turm\u00e5l. Sommer som vinter, fjellvandring &#8211; fisketurer &#8211; padleturer<\/p>\n\n\n\n<figure class=\"wp-block-image size-large\"><img loading=\"lazy\" decoding=\"async\" width=\"1024\" height=\"768\" src=\"https:\/\/20summit.no\/wp-content\/uploads\/2020\/12\/andorjastak5-1024x768.jpg\" alt=\"\" class=\"wp-image-255\" srcset=\"https:\/\/20summit.no\/wp-content\/uploads\/2020\/12\/andorjastak5-1024x768.jpg 1024w, https:\/\/20summit.no\/wp-content\/uploads\/2020\/12\/andorjastak5-300x225.jpg 300w, https:\/\/20summit.no\/wp-content\/uploads\/2020\/12\/andorjastak5-768x576.jpg 768w, https:\/\/20summit.no\/wp-content\/uploads\/2020\/12\/andorjastak5-850x637.jpg 850w, https:\/\/20summit.no\/wp-content\/uploads\/2020\/12\/andorjastak5.jpg 1351w\" sizes=\"auto, (max-width: 1024px) 100vw, 1024px\" \/><figcaption class=\"wp-element-caption\">Her i Straumen p\u00e5 And\u00f8rja, med den karakteriske fjorden Straumbotn i bakgrunnen<\/figcaption><\/figure>\n\n\n\n<h2 class=\"wp-block-heading\">Turm\u00e5l p\u00e5 And\u00f8rja<\/h2>\n\n\n\n<p>Toppturer<\/p>\n\n\n\n<ul id=\"block-24f56b2a-8c43-41b6-a1c1-f22e88f3ff19\" class=\"wp-block-list\">\n<li><a href=\"https:\/\/20summit.no\/?page_id=353\" data-type=\"page\" data-id=\"353\">Langlitinden 1276<\/a><\/li>\n\n\n\n<li><a href=\"https:\/\/20summit.no\/?page_id=323\" data-type=\"page\" data-id=\"323\">Kl\u00e5ptinden 988<\/a><\/li>\n\n\n\n<li><a href=\"https:\/\/20summit.no\/?page_id=235\" data-type=\"page\" data-id=\"235\">\u00c5rbostadtinden 1179<\/a><\/li>\n\n\n\n<li><a href=\"https:\/\/20summit.no\/?page_id=261\" data-type=\"page\" data-id=\"261\">Vasskartinden 1140<\/a><\/li>\n<\/ul>\n\n\n\n<p>Fjellturer<\/p>\n\n\n\n<ul class=\"wp-block-list\">\n<li><a href=\"https:\/\/www.telltur.no\/turmaal\/myghxi9g\/10367\" target=\"_blank\" rel=\"noreferrer noopener\">Fornesvannet (eller Krokvannet p\u00e5 kart)<\/a><\/li>\n<\/ul>\n\n\n\n<p><\/p>\n","protected":false},"excerpt":{"rendered":"<p>Ibestad kommune er rik p\u00e5 turm\u00e5l. Sommer som vinter, fjellvandring &#8211; fisketurer &#8211; padleturer Turm\u00e5l p\u00e5 And\u00f8rja Toppturer Fjellturer<\/p>\n","protected":false},"author":1,"featured_media":0,"parent":0,"menu_order":0,"comment_status":"closed","ping_status":"closed","template":"","meta":{"footnotes":""},"class_list":["post-304","page","type-page","status-publish","hentry"],"_links":{"self":[{"href":"https:\/\/20summit.no\/index.php?rest_route=\/wp\/v2\/pages\/304","targetHints":{"allow":["GET"]}}],"collection":[{"href":"https:\/\/20summit.no\/index.php?rest_route=\/wp\/v2\/pages"}],"about":[{"href":"https:\/\/20summit.no\/index.php?rest_route=\/wp\/v2\/types\/page"}],"author":[{"embeddable":true,"href":"https:\/\/20summit.no\/index.php?rest_route=\/wp\/v2\/users\/1"}],"replies":[{"embeddable":true,"href":"https:\/\/20summit.no\/index.php?rest_route=%2Fwp%2Fv2%2Fcomments&post=304"}],"version-history":[{"count":12,"href":"https:\/\/20summit.no\/index.php?rest_route=\/wp\/v2\/pages\/304\/revisions"}],"predecessor-version":[{"id":697,"href":"https:\/\/20summit.no\/index.php?rest_route=\/wp\/v2\/pages\/304\/revisions\/697"}],"wp:attachment":[{"href":"https:\/\/20summit.no\/index.php?rest_route=%2Fwp%2Fv2%2Fmedia&parent=304"}],"curies":[{"name":"wp","href":"https:\/\/api.w.org\/{rel}","templated":true}]}}