{"id":261,"date":"2020-12-29T13:17:24","date_gmt":"2020-12-29T13:17:24","guid":{"rendered":"https:\/\/20summit.no\/?page_id=261"},"modified":"2025-01-28T12:57:06","modified_gmt":"2025-01-28T12:57:06","slug":"vasskartinden-1140","status":"publish","type":"page","link":"https:\/\/20summit.no\/?page_id=261","title":{"rendered":"Vasskartinden &#8211; 1140"},"content":{"rendered":"\n<figure class=\"wp-block-image size-full is-style-default\"><img loading=\"lazy\" decoding=\"async\" width=\"1728\" height=\"1080\" src=\"https:\/\/20summit.no\/wp-content\/uploads\/2020\/12\/vasskartinden-1-edited.jpg\" alt=\"\" class=\"wp-image-262\" srcset=\"https:\/\/20summit.no\/wp-content\/uploads\/2020\/12\/vasskartinden-1-edited.jpg 1728w, https:\/\/20summit.no\/wp-content\/uploads\/2020\/12\/vasskartinden-1-edited-300x188.jpg 300w, https:\/\/20summit.no\/wp-content\/uploads\/2020\/12\/vasskartinden-1-edited-1024x640.jpg 1024w, https:\/\/20summit.no\/wp-content\/uploads\/2020\/12\/vasskartinden-1-edited-768x480.jpg 768w, https:\/\/20summit.no\/wp-content\/uploads\/2020\/12\/vasskartinden-1-edited-1536x960.jpg 1536w, https:\/\/20summit.no\/wp-content\/uploads\/2020\/12\/vasskartinden-1-edited-850x531.jpg 850w\" sizes=\"auto, (max-width: 1728px) 100vw, 1728px\" \/><\/figure>\n\n\n\n<p>Vasskartinden er den 5. h\u00f8yeste toppen p\u00e5 And\u00f8rja med sine 1140 m. Start i fra Moen (Vasskaret) &#8211; f\u00f8lger ryggen opp til Aksla og s\u00e5 g\u00e5r innover f\u00f8r en starter siste oppstigning til toppen. Det planlegges \u00e5 bygge sherpatrapp til toppen. <\/p>\n\n\n\n<p>Vasskartinden is the 5th highest peak on And\u00f8rja with its 1140 m. Start from Moen (Vasskaret) &#8211; follow the ridge up to &laquo;Aksla&raquo;,then go inwards before starting the last ascent to the top. It is planned to build a sherpa staircase to the top.<\/p>\n\n\n\n<figure class=\"wp-block-image size-large\"><img loading=\"lazy\" decoding=\"async\" width=\"1024\" height=\"768\" src=\"https:\/\/20summit.no\/wp-content\/uploads\/2020\/12\/vasskartinden1-1024x768.jpg\" alt=\"\" class=\"wp-image-266\" srcset=\"https:\/\/20summit.no\/wp-content\/uploads\/2020\/12\/vasskartinden1-1024x768.jpg 1024w, https:\/\/20summit.no\/wp-content\/uploads\/2020\/12\/vasskartinden1-300x225.jpg 300w, https:\/\/20summit.no\/wp-content\/uploads\/2020\/12\/vasskartinden1-768x576.jpg 768w, https:\/\/20summit.no\/wp-content\/uploads\/2020\/12\/vasskartinden1-1536x1152.jpg 1536w, https:\/\/20summit.no\/wp-content\/uploads\/2020\/12\/vasskartinden1-2048x1536.jpg 2048w, https:\/\/20summit.no\/wp-content\/uploads\/2020\/12\/vasskartinden1-850x638.jpg 850w\" sizes=\"auto, (max-width: 1024px) 100vw, 1024px\" \/><\/figure>\n\n\n\n<figure class=\"wp-block-image size-large\"><img loading=\"lazy\" decoding=\"async\" width=\"768\" height=\"1024\" src=\"https:\/\/20summit.no\/wp-content\/uploads\/2020\/12\/vasskartinden2-768x1024.jpg\" alt=\"\" class=\"wp-image-268\" srcset=\"https:\/\/20summit.no\/wp-content\/uploads\/2020\/12\/vasskartinden2-768x1024.jpg 768w, https:\/\/20summit.no\/wp-content\/uploads\/2020\/12\/vasskartinden2-225x300.jpg 225w, https:\/\/20summit.no\/wp-content\/uploads\/2020\/12\/vasskartinden2-1152x1536.jpg 1152w, https:\/\/20summit.no\/wp-content\/uploads\/2020\/12\/vasskartinden2-1536x2048.jpg 1536w, https:\/\/20summit.no\/wp-content\/uploads\/2020\/12\/vasskartinden2-300x400.jpg 300w, https:\/\/20summit.no\/wp-content\/uploads\/2020\/12\/vasskartinden2-850x1133.jpg 850w, https:\/\/20summit.no\/wp-content\/uploads\/2020\/12\/vasskartinden2-scaled.jpg 1920w\" sizes=\"auto, (max-width: 768px) 100vw, 768px\" \/><figcaption>Siste del opp til toppen<\/figcaption><\/figure>\n\n\n\n<figure class=\"wp-block-image size-full\"><img loading=\"lazy\" decoding=\"async\" width=\"2560\" height=\"1920\" src=\"https:\/\/20summit.no\/wp-content\/uploads\/2020\/12\/PB141278-edited-scaled.jpg\" alt=\"\" class=\"wp-image-267\" srcset=\"https:\/\/20summit.no\/wp-content\/uploads\/2020\/12\/PB141278-edited-scaled.jpg 2560w, https:\/\/20summit.no\/wp-content\/uploads\/2020\/12\/PB141278-edited-300x225.jpg 300w, https:\/\/20summit.no\/wp-content\/uploads\/2020\/12\/PB141278-edited-1024x768.jpg 1024w, https:\/\/20summit.no\/wp-content\/uploads\/2020\/12\/PB141278-edited-768x576.jpg 768w, https:\/\/20summit.no\/wp-content\/uploads\/2020\/12\/PB141278-edited-1536x1152.jpg 1536w, https:\/\/20summit.no\/wp-content\/uploads\/2020\/12\/PB141278-edited-2048x1536.jpg 2048w, https:\/\/20summit.no\/wp-content\/uploads\/2020\/12\/PB141278-edited-850x638.jpg 850w\" sizes=\"auto, (max-width: 2560px) 100vw, 2560px\" \/><figcaption>Vasskartinden &#8211; sett fra utl\u00f8pet av fjorden<\/figcaption><\/figure>\n\n\n\n<p><a href=\"https:\/\/kugo.no\/2013\/08\/vasskartinden-1140-moh\/\" data-type=\"URL\" data-id=\"https:\/\/kugo.no\/2013\/08\/vasskartinden-1140-moh\/\" target=\"_blank\" rel=\"noreferrer noopener\">Her kan du lese en god turbeskrivelse<\/a><\/p>\n","protected":false},"excerpt":{"rendered":"<p>Vasskartinden er den 5. h\u00f8yeste toppen p\u00e5 And\u00f8rja med sine 1140 m. Start i fra Moen (Vasskaret) &#8211; f\u00f8lger ryggen opp til Aksla og s\u00e5 g\u00e5r innover f\u00f8r en starter siste oppstigning til toppen. Det planlegges \u00e5 bygge sherpatrapp til toppen. Vasskartinden is the 5th highest peak on And\u00f8rja with its 1140 m. Start from&#8230;<\/p>\n","protected":false},"author":1,"featured_media":0,"parent":0,"menu_order":0,"comment_status":"closed","ping_status":"closed","template":"","meta":{"footnotes":""},"class_list":["post-261","page","type-page","status-publish","hentry"],"_links":{"self":[{"href":"https:\/\/20summit.no\/index.php?rest_route=\/wp\/v2\/pages\/261","targetHints":{"allow":["GET"]}}],"collection":[{"href":"https:\/\/20summit.no\/index.php?rest_route=\/wp\/v2\/pages"}],"about":[{"href":"https:\/\/20summit.no\/index.php?rest_route=\/wp\/v2\/types\/page"}],"author":[{"embeddable":true,"href":"https:\/\/20summit.no\/index.php?rest_route=\/wp\/v2\/users\/1"}],"replies":[{"embeddable":true,"href":"https:\/\/20summit.no\/index.php?rest_route=%2Fwp%2Fv2%2Fcomments&post=261"}],"version-history":[{"count":12,"href":"https:\/\/20summit.no\/index.php?rest_route=\/wp\/v2\/pages\/261\/revisions"}],"predecessor-version":[{"id":296,"href":"https:\/\/20summit.no\/index.php?rest_route=\/wp\/v2\/pages\/261\/revisions\/296"}],"wp:attachment":[{"href":"https:\/\/20summit.no\/index.php?rest_route=%2Fwp%2Fv2%2Fmedia&parent=261"}],"curies":[{"name":"wp","href":"https:\/\/api.w.org\/{rel}","templated":true}]}}